{"id":35,"date":"2025-10-24T19:16:30","date_gmt":"2025-10-24T17:16:30","guid":{"rendered":"https:\/\/kolomatematykow.wordpress.com\/?page_id=35"},"modified":"2025-12-14T13:57:11","modified_gmt":"2025-12-14T13:57:11","slug":"wyklady","status":"publish","type":"page","link":"https:\/\/msknmatematykow.put.poznan.pl\/index.php\/wyklady\/","title":{"rendered":"Wyk\u0142ady"},"content":{"rendered":"\n<div class=\"wp-block-group has-global-padding is-layout-constrained wp-container-core-group-is-layout-69b3d536 wp-block-group-is-layout-constrained has-background\" style=\"margin-top:0;margin-bottom:0;padding-top:var(--wp--preset--spacing--30);padding-right:0;padding-bottom:var(--wp--preset--spacing--30);padding-left:0;background-image:url(&apos;https:\/\/msknmatematykow.put.poznan.pl\/wp-content\/uploads\/2025\/12\/photo-1578662996442-48f60103fc96-1-scaled.jpg&apos;);background-size:cover;\">\n<h3 class=\"wp-block-heading alignwide has-text-align-center is-style-asterisk has-border-color has-base-color has-text-color has-background\" style=\"border-color:#222222;border-width:4px;border-radius:10px;background-color:#373737;font-size:clamp(1.403rem, 1.403rem + ((1vw - 0.2rem) * 1.495), 2.3rem);\"><strong>Archiwum wyk\u0142ad\u00f3w<\/strong><\/h3>\n\n\n\n<div class=\"wp-block-query is-layout-flow wp-block-query-is-layout-flow\"><ul style=\"padding-top:0;padding-bottom:0;\" class=\"wp-block-post-template is-layout-flow wp-container-core-post-template-is-layout-63402af0 wp-block-post-template-is-layout-flow\"><li class=\"wp-block-post post-276 post type-post status-publish format-standard hentry category-wyklady\">\n\n<div class=\"wp-block-group has-border-color has-base-color has-text-color has-background has-link-color wp-elements-b3d0fc1ccaa48dbe3b56c20275c88d96 has-global-padding is-layout-constrained wp-container-core-group-is-layout-2df38a7c wp-block-group-is-layout-constrained\" style=\"border-color:#555555;border-width:4px;border-radius:10px;background-color:#414141;padding-top:var(--wp--preset--spacing--10);padding-right:var(--wp--preset--spacing--10);padding-bottom:var(--wp--preset--spacing--10);padding-left:var(--wp--preset--spacing--10)\"><h2 style=\"font-style:normal;font-weight:600; padding-top:0;padding-bottom:0;margin-top:var(--wp--preset--spacing--10);margin-bottom:var(--wp--preset--spacing--10);\" class=\"has-link-color wp-elements-42a0d9ce669ce94ba835a29fc8f4b1dc wp-block-post-title has-text-color has-base-color\">Zagadnienie brzegowe<\/h2>\n\n<div class=\"entry-content wp-block-post-content has-global-padding is-layout-constrained wp-container-core-post-content-is-layout-19e250f3 wp-block-post-content-is-layout-constrained\">\n<div class=\"wp-block-columns is-layout-flex wp-container-core-columns-is-layout-28f84493 wp-block-columns-is-layout-flex\">\n<div class=\"wp-block-column is-layout-flow wp-block-column-is-layout-flow\">\n<p class=\"has-text-align-center\" style=\"padding-top:var(--wp--preset--spacing--10);padding-bottom:var(--wp--preset--spacing--10)\"><em>Analiza zagadnienia brzegowego z wykorzystaniem metody element\u00f3w sko\u0144czonych<\/em>.<\/p>\n\n\n\n<p class=\"has-urbanist-font-family\"><strong>Prowadz\u0105cy: <\/strong>dr in\u017c. Robert Salamon<br><strong>Sala:<\/strong> 742, budynek A3<br><strong>Data:<\/strong> 4 listopada 2025, godz. 16:50<\/p>\n\n\n\n<div class=\"wp-block-file alignright\" style=\"border-style:none;border-width:0px;border-radius:0px;padding-top:var(--wp--preset--spacing--10);padding-bottom:var(--wp--preset--spacing--10)\"><a href=\"https:\/\/kolomatematykow.wordpress.com\/wp-content\/uploads\/2025\/10\/proste_mes.pdf\" class=\"wp-block-file__button wp-element-button\" download>Zobacz notatk\u0119<\/a><\/div>\n<\/div>\n<\/div>\n\n\n\n<p><\/p>\n<\/div><\/div>\n\n<\/li><li class=\"wp-block-post post-274 post type-post status-publish format-standard hentry category-wyklady\">\n\n<div class=\"wp-block-group has-border-color has-base-color has-text-color has-background has-link-color wp-elements-b3d0fc1ccaa48dbe3b56c20275c88d96 has-global-padding is-layout-constrained wp-container-core-group-is-layout-2df38a7c wp-block-group-is-layout-constrained\" style=\"border-color:#555555;border-width:4px;border-radius:10px;background-color:#414141;padding-top:var(--wp--preset--spacing--10);padding-right:var(--wp--preset--spacing--10);padding-bottom:var(--wp--preset--spacing--10);padding-left:var(--wp--preset--spacing--10)\"><h2 style=\"font-style:normal;font-weight:600; padding-top:0;padding-bottom:0;margin-top:var(--wp--preset--spacing--10);margin-bottom:var(--wp--preset--spacing--10);\" class=\"has-link-color wp-elements-42a0d9ce669ce94ba835a29fc8f4b1dc wp-block-post-title has-text-color has-base-color\">Interferencja fal<\/h2>\n\n<div class=\"entry-content wp-block-post-content has-global-padding is-layout-constrained wp-container-core-post-content-is-layout-19e250f3 wp-block-post-content-is-layout-constrained\">\n<div class=\"wp-block-columns is-layout-flex wp-container-core-columns-is-layout-28f84493 wp-block-columns-is-layout-flex\">\n<div class=\"wp-block-column is-layout-flow wp-block-column-is-layout-flow\">\n<p class=\"has-text-align-center\" style=\"padding-top:var(--wp--preset--spacing--10);padding-bottom:var(--wp--preset--spacing--10)\"><em>Obliczanie (lub oszacowanie) amplitudy fali powsta\u0142ej w wyniku na\u0142o\u017cenia si\u0119 dw\u00f3ch fal opisanych r\u00f3wnaniami <strong>sin(ax) oraz sin(bx)<\/strong><\/em>.<\/p>\n\n\n\n<p class=\"has-urbanist-font-family\"><strong>Prowadz\u0105cy: <\/strong>dr hab. Grzegorz Oleksik <br><strong>Sala: <\/strong>742, budynek A3<br><strong>Data:<\/strong> 19 listopada 2025<\/p>\n\n\n\n<div class=\"wp-block-buttons is-content-justification-right is-layout-flex wp-container-core-buttons-is-layout-73554213 wp-block-buttons-is-layout-flex\" style=\"padding-top:var(--wp--preset--spacing--10);padding-bottom:var(--wp--preset--spacing--10)\">\n<div class=\"wp-block-button\"><a class=\"wp-block-button__link wp-element-button\">Notatka wkr\u00f3tce<\/a><\/div>\n<\/div>\n<\/div>\n<\/div>\n<\/div><\/div>\n\n<\/li><li class=\"wp-block-post post-272 post type-post status-publish format-standard hentry category-wyklady\">\n\n<div class=\"wp-block-group has-border-color has-base-color has-text-color has-background has-link-color wp-elements-b3d0fc1ccaa48dbe3b56c20275c88d96 has-global-padding is-layout-constrained wp-container-core-group-is-layout-2df38a7c wp-block-group-is-layout-constrained\" style=\"border-color:#555555;border-width:4px;border-radius:10px;background-color:#414141;padding-top:var(--wp--preset--spacing--10);padding-right:var(--wp--preset--spacing--10);padding-bottom:var(--wp--preset--spacing--10);padding-left:var(--wp--preset--spacing--10)\"><h2 style=\"font-style:normal;font-weight:600; padding-top:0;padding-bottom:0;margin-top:var(--wp--preset--spacing--10);margin-bottom:var(--wp--preset--spacing--10);\" class=\"has-link-color wp-elements-42a0d9ce669ce94ba835a29fc8f4b1dc wp-block-post-title has-text-color has-base-color\">Liczby konstruowalne<\/h2>\n\n<div class=\"entry-content wp-block-post-content has-global-padding is-layout-constrained wp-container-core-post-content-is-layout-19e250f3 wp-block-post-content-is-layout-constrained\">\n<div class=\"wp-block-columns is-layout-flex wp-container-core-columns-is-layout-28f84493 wp-block-columns-is-layout-flex\">\n<div class=\"wp-block-column is-layout-flow wp-block-column-is-layout-flow\">\n<p class=\"has-text-align-center\" style=\"padding-top:var(--wp--preset--spacing--10);padding-bottom:var(--wp--preset--spacing--10)\"><em><strong>Liczby konstruowalne<\/strong> to takie liczby rzeczywiste, kt\u00f3re mo\u017cna otrzyma\u0107, <strong>konstruuj\u0105c je za pomoc\u0105 cyrkla i linijki<\/strong> (czyli klasycznych narz\u0119dzi geometrycznych).<\/em><\/p>\n\n\n\n<p class=\"has-urbanist-font-family\"><strong>Prowadz\u0105cy: <\/strong>dr. Ziemowit Doma\u0144ski<br><strong>Sala:<\/strong> 742, budynek A3<br><strong>Data:<\/strong> 26 listopada 2025<\/p>\n\n\n\n<div class=\"wp-block-buttons is-content-justification-right is-layout-flex wp-container-core-buttons-is-layout-73554213 wp-block-buttons-is-layout-flex\" style=\"padding-top:var(--wp--preset--spacing--10);padding-bottom:var(--wp--preset--spacing--10)\">\n<div class=\"wp-block-button\"><a class=\"wp-block-button__link wp-element-button\">Notakta wkr\u00f3tce<\/a><\/div>\n<\/div>\n<\/div>\n<\/div>\n<\/div><\/div>\n\n<\/li><\/ul>\n\n\n<div style=\"height:20px\" aria-hidden=\"true\" class=\"wp-block-spacer\"><\/div>\n\n\n<nav style=\"font-style:normal;font-weight:600;\" class=\"has-link-color wp-elements-bdc8156bd7a0bff6375580ade0ec0bf9 wp-block-query-pagination has-text-color has-contrast-3-color has-medium-font-size is-horizontal is-content-justification-left is-layout-flex wp-container-core-query-pagination-is-layout-88dde430 wp-block-query-pagination-is-layout-flex\" aria-label=\"Pagination\">\n\n\n<a href=\"\/index.php\/wp-json\/wp\/v2\/pages\/35?query-19-page=2\" class=\"wp-block-query-pagination-next\">Nast\u0119pna strona<span class='wp-block-query-pagination-next-arrow is-arrow-arrow' aria-hidden='true'>\u2192<\/span><\/a>\n<\/nav>\n\n\n<div style=\"height:20px\" aria-hidden=\"true\" class=\"wp-block-spacer\"><\/div>\n<\/div>\n<\/div>\n\n\n\n<p><\/p>\n","protected":false},"excerpt":{"rendered":"<p>Archiwum wyk\u0142ad\u00f3w<\/p>\n","protected":false},"author":1,"featured_media":0,"parent":0,"menu_order":0,"comment_status":"closed","ping_status":"closed","template":"","meta":{"footnotes":""},"class_list":["post-35","page","type-page","status-publish","hentry"],"_links":{"self":[{"href":"https:\/\/msknmatematykow.put.poznan.pl\/index.php\/wp-json\/wp\/v2\/pages\/35","targetHints":{"allow":["GET"]}}],"collection":[{"href":"https:\/\/msknmatematykow.put.poznan.pl\/index.php\/wp-json\/wp\/v2\/pages"}],"about":[{"href":"https:\/\/msknmatematykow.put.poznan.pl\/index.php\/wp-json\/wp\/v2\/types\/page"}],"author":[{"embeddable":true,"href":"https:\/\/msknmatematykow.put.poznan.pl\/index.php\/wp-json\/wp\/v2\/users\/1"}],"replies":[{"embeddable":true,"href":"https:\/\/msknmatematykow.put.poznan.pl\/index.php\/wp-json\/wp\/v2\/comments?post=35"}],"version-history":[{"count":26,"href":"https:\/\/msknmatematykow.put.poznan.pl\/index.php\/wp-json\/wp\/v2\/pages\/35\/revisions"}],"predecessor-version":[{"id":421,"href":"https:\/\/msknmatematykow.put.poznan.pl\/index.php\/wp-json\/wp\/v2\/pages\/35\/revisions\/421"}],"wp:attachment":[{"href":"https:\/\/msknmatematykow.put.poznan.pl\/index.php\/wp-json\/wp\/v2\/media?parent=35"}],"curies":[{"name":"wp","href":"https:\/\/api.w.org\/{rel}","templated":true}]}}